{"id":2362,"date":"2023-03-14T14:30:48","date_gmt":"2023-03-14T14:30:48","guid":{"rendered":"https:\/\/governacaointernet.pt\/?page_id=2362"},"modified":"2024-01-03T12:36:34","modified_gmt":"2024-01-03T12:36:34","slug":"avisos-legais","status":"publish","type":"page","link":"https:\/\/governacaointernet.pt\/pt\/avisos-legais\/","title":{"rendered":"avisos-legais"},"content":{"rendered":"\t\t<div data-elementor-type=\"wp-page\" data-elementor-id=\"2362\" class=\"elementor elementor-2362\" data-elementor-post-type=\"page\">\n\t\t\t\t\t\t<section class=\"elementor-section elementor-top-section elementor-element elementor-element-be8b1b9 elementor-section-content-middle elementor-section-boxed elementor-section-height-default elementor-section-height-default\" data-id=\"be8b1b9\" data-element_type=\"section\" data-e-type=\"section\" data-settings=\"{&quot;background_background&quot;:&quot;classic&quot;}\">\n\t\t\t\t\t\t<div class=\"elementor-container elementor-column-gap-no\">\n\t\t\t\t\t<div class=\"elementor-column elementor-col-100 elementor-top-column elementor-element elementor-element-d078661\" data-id=\"d078661\" data-element_type=\"column\" data-e-type=\"column\">\n\t\t\t<div class=\"elementor-widget-wrap elementor-element-populated\">\n\t\t\t\t\t\t<div class=\"elementor-element elementor-element-4049d88 elementor-widget elementor-widget-heading\" data-id=\"4049d88\" data-element_type=\"widget\" data-e-type=\"widget\" data-widget_type=\"heading.default\">\n\t\t\t\t<div class=\"elementor-widget-container\">\n\t\t\t\t\t<h1 class=\"elementor-heading-title elementor-size-default\">AVISOS LEGAIS<\/h1>\t\t\t\t<\/div>\n\t\t\t\t<\/div>\n\t\t\t\t<div class=\"elementor-element elementor-element-b0d0886 elementor-widget elementor-widget-text-editor\" data-id=\"b0d0886\" data-element_type=\"widget\" data-e-type=\"widget\" data-widget_type=\"text-editor.default\">\n\t\t\t\t<div class=\"elementor-widget-container\">\n\t\t\t\t\t\t\t\t\t<p>Este site \u00e9 gerido e operado pela Associa\u00e7\u00e3o DNS.PT, entidade respons\u00e1vel pela gest\u00e3o, registo e manuten\u00e7\u00e3o de dom\u00ednios sob o TLD (Top Level Domain) .pt, dom\u00ednio de topo correspondente a Portugal, conforme resultou de decis\u00e3o legislativa inserta no Decreto-Lei 55\/2013, de 17 de Abril, com instala\u00e7\u00f5es na Rua Latino Coelho, n.\u00ba 13, 1050-132 Lisboa.<br \/><br \/><\/p><p>Todos os elementos existentes neste site, designadamente texto, imagens, gr\u00e1ficos, ficheiros, layout, estrutura, entre outros, encontram-se protegidos pelas disposi\u00e7\u00f5es legais relativas \u00e0 propriedade intelectual e, em especial, pelo \u00e2mbito de prote\u00e7\u00e3o dos Direitos de Autor. Os referidos elementos n\u00e3o poder\u00e3o ser assim copiados para uso comercial ou para distribui\u00e7\u00e3o, nem ser modificados ou reenviados para outros sites. Este site poder\u00e1 tamb\u00e9m conter imagens que constituem propriedade intelectual de terceiros, estando estes, igualmente, sujeitos \u00e0s disposi\u00e7\u00f5es legais aplic\u00e1veis \u00e0 prote\u00e7\u00e3o de direitos de autor e de propriedade intelectual.<br \/><br \/><\/p><p>A introdu\u00e7\u00e3o, altera\u00e7\u00e3o ou supress\u00e3o da informa\u00e7\u00e3o disponibilizada no Site, feita pelo utilizador e sem o devido consentimento do DNS.PT assim como, designadamente, a interfer\u00eancia no sistema inform\u00e1tico que lhe serve de suporte de forma a entravar ou perturbar o seu funcionamento e, em geral, todos os comportamentos que consubstanciem a pr\u00e1tica de crimes ligados \u00e0 inform\u00e1tica s\u00e3o proibidos e pun\u00edveis nos termos da lei, pelo que o DNS.PT diligenciar\u00e1 para que o infrator seja civil e\/ou criminalmente punido.<br \/><br \/><\/p><p>Todos os conte\u00fados e funcionalidades constantes do site s\u00e3o disponibilizadas no estado em que se encontram (\u201cas is\u201d), n\u00e3o constituindo as informa\u00e7\u00f5es nele contidas um conselho ou recomenda\u00e7\u00e3o, nem estabelecem qualquer rela\u00e7\u00e3o contratual de responsabiliza\u00e7\u00e3o, salvo disposi\u00e7\u00e3o expressa em contr\u00e1rio. O DNS.PT n\u00e3o poder\u00e1 ser responsabilizada no que respeita \u00e0 completa exatid\u00e3o e atualidade de qualquer informa\u00e7\u00e3o constante do site, salvo quando tenha atuado com dolo ou neglig\u00eancia grave.<br \/><br \/><\/p><p>Quaisquer dados, coment\u00e1rios, sugest\u00f5es, informa\u00e7\u00e3o ou conte\u00fado, transmitidos pelo utilizador ou enviados para o Site, atrav\u00e9s de correio eletr\u00f3nico, formul\u00e1rio ou por qualquer outro meio, ser\u00e3o considerados de uso privado e para fins de utiliza\u00e7\u00e3o exclusiva do DNS.PT ou entidade por esta designada. Este site pode incluir links para sites operados por entidades terceiras. Desta forma, o DNS.PT n\u00e3o se responsabiliza nomeadamente pela qualidade, veracidade ou atualiza\u00e7\u00e3o das afirma\u00e7\u00f5es reproduzidas nos websites para onde remetem as liga\u00e7\u00f5es de hipertexto, tamb\u00e9m denominadas \u201chyperlinks\u201d ou \u201clinks\u201d presentes neste site, dado n\u00e3o exercer qualquer controlo sobre os mesmos.<br \/><br \/><\/p><p>A disponibiliza\u00e7\u00e3o de dados pessoais neste site destina-se apenas aos fins que expressa e oportunamente se indiquem. O tratamento dos referidos dados \u00e9 confidencial e da responsabilidade do DNS.PT. O titular tem o direito de acesso e de retifica\u00e7\u00e3o dos seus dados pessoais podendo exerc\u00ea-lo, pessoalmente ou por escrito, junto da morada desta institui\u00e7\u00e3o devidamente identificada no site, em qualquer altura e sem qualquer encargo, nos termos do previsto na Lei n.\u00ba 67\/98, de 26 de outubro.<br \/><br \/><\/p><p>O DNS.PT reserva o direito de impedir, condicionar o acesso a este site ou alterar as condi\u00e7\u00f5es do mesmo por parte de algum utilizador. A altera\u00e7\u00e3o dos presentes Avisos Legais ou mesmo, em \u00faltima inst\u00e2ncia, a remo\u00e7\u00e3o deste Site podem ser efetuadas a todo o tempo e produzem efeitos imediatos sem necessidade de comunica\u00e7\u00e3o pr\u00e9via aos seus utilizadores.<br \/><br \/><\/p><p>Este site foi criado e funciona em conformidade com a lei portuguesa. Qualquer lit\u00edgio emergente do mesmo ser\u00e1 regulado pela lei portuguesa, considerando-se competente para o efeito o Tribunal de Comarca de Lisboa, com exclus\u00e3o de qualquer outro.<br \/><br \/><\/p><p>Os conte\u00fados escritos disponibilizados a partir do dia no presente web site, cuja responsabilidade exclusiva seja do DNS.PT, seguem as regras do Acordo Ortogr\u00e1fico.<br \/><br \/><\/p><p>Declara ter lido, compreendido e aceite os Avisos Legais acima. Qualquer esclarecimento sobre a presente mat\u00e9ria dever\u00e1 ser dirigido para:<a href=\"mailto:rp@pt.pt\"> rp@pt.pt<\/a>.<\/p>\t\t\t\t\t\t\t\t<\/div>\n\t\t\t\t<\/div>\n\t\t\t\t\t<\/div>\n\t\t<\/div>\n\t\t\t\t\t<\/div>\n\t\t<\/section>\n\t\t\t\t<section class=\"elementor-section elementor-top-section elementor-element elementor-element-860e054 elementor-section-boxed elementor-section-height-default elementor-section-height-default\" data-id=\"860e054\" data-element_type=\"section\" data-e-type=\"section\" data-settings=\"{&quot;background_background&quot;:&quot;classic&quot;}\">\n\t\t\t\t\t\t<div class=\"elementor-container elementor-column-gap-default\">\n\t\t\t\t\t<div class=\"elementor-column elementor-col-100 elementor-top-column elementor-element elementor-element-9d194c5\" data-id=\"9d194c5\" data-element_type=\"column\" data-e-type=\"column\">\n\t\t\t<div class=\"elementor-widget-wrap elementor-element-populated\">\n\t\t\t\t\t\t<div class=\"elementor-element elementor-element-0c107be elementor-widget elementor-widget-text-editor\" data-id=\"0c107be\" data-element_type=\"widget\" data-e-type=\"widget\" data-widget_type=\"text-editor.default\">\n\t\t\t\t<div class=\"elementor-widget-container\">\n\t\t\t\t\t\t\t\t\t<p>Contacto:\u00a0\u00a0\u00a0<a class=\"class5 contact-link\" href=\"mailto:governacaointernet@fct.pt\">governacaointernet@fct.pt<\/a><\/p>\t\t\t\t\t\t\t\t<\/div>\n\t\t\t\t<\/div>\n\t\t\t\t\t<\/div>\n\t\t<\/div>\n\t\t\t\t\t<\/div>\n\t\t<\/section>\n\t\t\t\t<section class=\"elementor-section elementor-top-section elementor-element elementor-element-6748084 elementor-section-boxed elementor-section-height-default elementor-section-height-default\" data-id=\"6748084\" data-element_type=\"section\" data-e-type=\"section\">\n\t\t\t\t\t\t<div class=\"elementor-container elementor-column-gap-default\">\n\t\t\t\t\t<div class=\"elementor-column elementor-col-100 elementor-top-column elementor-element elementor-element-1665265\" data-id=\"1665265\" data-element_type=\"column\" data-e-type=\"column\">\n\t\t\t<div class=\"elementor-widget-wrap elementor-element-populated\">\n\t\t\t\t\t\t<div class=\"elementor-element elementor-element-9b0fd0a elementor-widget elementor-widget-text-editor\" data-id=\"9b0fd0a\" data-element_type=\"widget\" data-e-type=\"widget\" data-widget_type=\"text-editor.default\">\n\t\t\t\t<div class=\"elementor-widget-container\">\n\t\t\t\t\t\t\t\t\t<p>Copyright 2024 .PT &#8211; Associa\u00e7\u00e3o DNS.PT &#8211; Todos os direitos reservados.<\/p>\t\t\t\t\t\t\t\t<\/div>\n\t\t\t\t<\/div>\n\t\t\t\t\t<\/div>\n\t\t<\/div>\n\t\t\t\t\t<\/div>\n\t\t<\/section>\n\t\t\t\t<\/div>\n\t\t","protected":false},"excerpt":{"rendered":"<p>AVISOS LEGAIS Este site \u00e9 gerido e operado pela Associa\u00e7\u00e3o DNS.PT, entidade respons\u00e1vel pela gest\u00e3o, registo e manuten\u00e7\u00e3o de dom\u00ednios sob o TLD (Top Level Domain) .pt, dom\u00ednio de topo correspondente a Portugal, conforme resultou de decis\u00e3o legislativa inserta no Decreto-Lei 55\/2013, de 17 de Abril, com instala\u00e7\u00f5es na Rua Latino Coelho, n.\u00ba 13, 1050-132 [&hellip;]<\/p>\n","protected":false},"author":1,"featured_media":0,"parent":0,"menu_order":0,"comment_status":"closed","ping_status":"closed","template":"","meta":{"site-sidebar-layout":"no-sidebar","site-content-layout":"page-builder","ast-site-content-layout":"default","site-content-style":"default","site-sidebar-style":"default","ast-global-header-display":"","ast-banner-title-visibility":"","ast-main-header-display":"","ast-hfb-above-header-display":"","ast-hfb-below-header-display":"","ast-hfb-mobile-header-display":"","site-post-title":"disabled","ast-breadcrumbs-content":"","ast-featured-img":"disabled","footer-sml-layout":"","ast-disable-related-posts":"","theme-transparent-header-meta":"enabled","adv-header-id-meta":null,"stick-header-meta":null,"header-above-stick-meta":null,"header-main-stick-meta":null,"header-below-stick-meta":null,"astra-migrate-meta-layouts":"default","ast-page-background-enabled":"default","ast-page-background-meta":{"desktop":{"background-color":"var(--ast-global-color-4)","background-image":"","background-repeat":"repeat","background-position":"center center","background-size":"auto","background-attachment":"scroll","background-type":"","background-media":"","overlay-type":"","overlay-color":"","overlay-opacity":"","overlay-gradient":""},"tablet":{"background-color":"","background-image":"","background-repeat":"repeat","background-position":"center center","background-size":"auto","background-attachment":"scroll","background-type":"","background-media":"","overlay-type":"","overlay-color":"","overlay-opacity":"","overlay-gradient":""},"mobile":{"background-color":"","background-image":"","background-repeat":"repeat","background-position":"center center","background-size":"auto","background-attachment":"scroll","background-type":"","background-media":"","overlay-type":"","overlay-color":"","overlay-opacity":"","overlay-gradient":""}},"ast-content-background-meta":{"desktop":{"background-color":"var(--ast-global-color-5)","background-image":"","background-repeat":"repeat","background-position":"center center","background-size":"auto","background-attachment":"scroll","background-type":"","background-media":"","overlay-type":"","overlay-color":"","overlay-opacity":"","overlay-gradient":""},"tablet":{"background-color":"var(--ast-global-color-5)","background-image":"","background-repeat":"repeat","background-position":"center center","background-size":"auto","background-attachment":"scroll","background-type":"","background-media":"","overlay-type":"","overlay-color":"","overlay-opacity":"","overlay-gradient":""},"mobile":{"background-color":"var(--ast-global-color-5)","background-image":"","background-repeat":"repeat","background-position":"center center","background-size":"auto","background-attachment":"scroll","background-type":"","background-media":"","overlay-type":"","overlay-color":"","overlay-opacity":"","overlay-gradient":""}},"_themeisle_gutenberg_block_has_review":false,"footnotes":""},"class_list":["post-2362","page","type-page","status-publish","hentry"],"yoast_head":"<!-- This site is optimized with the Yoast SEO plugin v27.4 - https:\/\/yoast.com\/product\/yoast-seo-wordpress\/ -->\n<title>avisos-legais - Iniciativa Portuguesa do F\u00f3rum da Governa\u00e7\u00e3o da Internet<\/title>\n<meta name=\"robots\" content=\"index, follow, max-snippet:-1, max-image-preview:large, max-video-preview:-1\" \/>\n<link rel=\"canonical\" href=\"https:\/\/governacaointernet.pt\/pt\/avisos-legais\/\" \/>\n<meta property=\"og:locale\" content=\"pt_PT\" \/>\n<meta property=\"og:type\" content=\"article\" \/>\n<meta property=\"og:title\" content=\"avisos-legais - Iniciativa Portuguesa do F\u00f3rum da Governa\u00e7\u00e3o da Internet\" \/>\n<meta property=\"og:description\" content=\"AVISOS LEGAIS Este site \u00e9 gerido e operado pela Associa\u00e7\u00e3o DNS.PT, entidade respons\u00e1vel pela gest\u00e3o, registo e manuten\u00e7\u00e3o de dom\u00ednios sob o TLD (Top Level Domain) .pt, dom\u00ednio de topo correspondente a Portugal, conforme resultou de decis\u00e3o legislativa inserta no Decreto-Lei 55\/2013, de 17 de Abril, com instala\u00e7\u00f5es na Rua Latino Coelho, n.\u00ba 13, 1050-132 [&hellip;]\" \/>\n<meta property=\"og:url\" content=\"https:\/\/governacaointernet.pt\/pt\/avisos-legais\/\" \/>\n<meta property=\"og:site_name\" content=\"Iniciativa Portuguesa do F\u00f3rum da Governa\u00e7\u00e3o da Internet\" \/>\n<meta property=\"article:modified_time\" content=\"2024-01-03T12:36:34+00:00\" \/>\n<meta name=\"twitter:card\" content=\"summary_large_image\" \/>\n<meta name=\"twitter:label1\" content=\"Tempo estimado de leitura\" \/>\n\t<meta name=\"twitter:data1\" content=\"2 minutos\" \/>\n<script type=\"application\/ld+json\" class=\"yoast-schema-graph\">{\"@context\":\"https:\\\/\\\/schema.org\",\"@graph\":[{\"@type\":\"WebPage\",\"@id\":\"https:\\\/\\\/governacaointernet.pt\\\/avisos-legais\\\/\",\"url\":\"https:\\\/\\\/governacaointernet.pt\\\/avisos-legais\\\/\",\"name\":\"avisos-legais - Iniciativa Portuguesa do F\u00f3rum da Governa\u00e7\u00e3o da Internet\",\"isPartOf\":{\"@id\":\"https:\\\/\\\/governacaointernet.pt\\\/#website\"},\"datePublished\":\"2023-03-14T14:30:48+00:00\",\"dateModified\":\"2024-01-03T12:36:34+00:00\",\"breadcrumb\":{\"@id\":\"https:\\\/\\\/governacaointernet.pt\\\/avisos-legais\\\/#breadcrumb\"},\"inLanguage\":\"pt-PT\",\"potentialAction\":[{\"@type\":\"ReadAction\",\"target\":[\"https:\\\/\\\/governacaointernet.pt\\\/avisos-legais\\\/\"]}]},{\"@type\":\"BreadcrumbList\",\"@id\":\"https:\\\/\\\/governacaointernet.pt\\\/avisos-legais\\\/#breadcrumb\",\"itemListElement\":[{\"@type\":\"ListItem\",\"position\":1,\"name\":\"Home\",\"item\":\"https:\\\/\\\/governacaointernet.pt\\\/\"},{\"@type\":\"ListItem\",\"position\":2,\"name\":\"avisos-legais\"}]},{\"@type\":\"WebSite\",\"@id\":\"https:\\\/\\\/governacaointernet.pt\\\/#website\",\"url\":\"https:\\\/\\\/governacaointernet.pt\\\/\",\"name\":\"Iniciativa Portuguesa do F\u00f3rum da Governa\u00e7\u00e3o da Internet\",\"description\":\"Informar, refletir e debater de forma aberta e interativa, como deve ser governada a Internet, tema, cada vez mais relevante nos panoramas nacional e internacional.\",\"publisher\":{\"@id\":\"https:\\\/\\\/governacaointernet.pt\\\/#organization\"},\"potentialAction\":[{\"@type\":\"SearchAction\",\"target\":{\"@type\":\"EntryPoint\",\"urlTemplate\":\"https:\\\/\\\/governacaointernet.pt\\\/?s={search_term_string}\"},\"query-input\":{\"@type\":\"PropertyValueSpecification\",\"valueRequired\":true,\"valueName\":\"search_term_string\"}}],\"inLanguage\":\"pt-PT\"},{\"@type\":\"Organization\",\"@id\":\"https:\\\/\\\/governacaointernet.pt\\\/#organization\",\"name\":\"Iniciativa Portuguesa do F\u00f3rum da Governa\u00e7\u00e3o da Internet\",\"url\":\"https:\\\/\\\/governacaointernet.pt\\\/\",\"logo\":{\"@type\":\"ImageObject\",\"inLanguage\":\"pt-PT\",\"@id\":\"https:\\\/\\\/governacaointernet.pt\\\/#\\\/schema\\\/logo\\\/image\\\/\",\"url\":\"https:\\\/\\\/governacaointernet.pt\\\/wp-content\\\/uploads\\\/2022\\\/10\\\/icon_webgov.svg\",\"contentUrl\":\"https:\\\/\\\/governacaointernet.pt\\\/wp-content\\\/uploads\\\/2022\\\/10\\\/icon_webgov.svg\",\"width\":1600,\"height\":760,\"caption\":\"Iniciativa Portuguesa do F\u00f3rum da Governa\u00e7\u00e3o da Internet\"},\"image\":{\"@id\":\"https:\\\/\\\/governacaointernet.pt\\\/#\\\/schema\\\/logo\\\/image\\\/\"}}]}<\/script>\n<!-- \/ Yoast SEO plugin. -->","yoast_head_json":{"title":"avisos-legais - Iniciativa Portuguesa do F\u00f3rum da Governa\u00e7\u00e3o da Internet","robots":{"index":"index","follow":"follow","max-snippet":"max-snippet:-1","max-image-preview":"max-image-preview:large","max-video-preview":"max-video-preview:-1"},"canonical":"https:\/\/governacaointernet.pt\/pt\/avisos-legais\/","og_locale":"pt_PT","og_type":"article","og_title":"avisos-legais - Iniciativa Portuguesa do F\u00f3rum da Governa\u00e7\u00e3o da Internet","og_description":"AVISOS LEGAIS Este site \u00e9 gerido e operado pela Associa\u00e7\u00e3o DNS.PT, entidade respons\u00e1vel pela gest\u00e3o, registo e manuten\u00e7\u00e3o de dom\u00ednios sob o TLD (Top Level Domain) .pt, dom\u00ednio de topo correspondente a Portugal, conforme resultou de decis\u00e3o legislativa inserta no Decreto-Lei 55\/2013, de 17 de Abril, com instala\u00e7\u00f5es na Rua Latino Coelho, n.\u00ba 13, 1050-132 [&hellip;]","og_url":"https:\/\/governacaointernet.pt\/pt\/avisos-legais\/","og_site_name":"Iniciativa Portuguesa do F\u00f3rum da Governa\u00e7\u00e3o da Internet","article_modified_time":"2024-01-03T12:36:34+00:00","twitter_card":"summary_large_image","twitter_misc":{"Tempo estimado de leitura":"2 minutos"},"schema":{"@context":"https:\/\/schema.org","@graph":[{"@type":"WebPage","@id":"https:\/\/governacaointernet.pt\/avisos-legais\/","url":"https:\/\/governacaointernet.pt\/avisos-legais\/","name":"avisos-legais - Iniciativa Portuguesa do F\u00f3rum da Governa\u00e7\u00e3o da Internet","isPartOf":{"@id":"https:\/\/governacaointernet.pt\/#website"},"datePublished":"2023-03-14T14:30:48+00:00","dateModified":"2024-01-03T12:36:34+00:00","breadcrumb":{"@id":"https:\/\/governacaointernet.pt\/avisos-legais\/#breadcrumb"},"inLanguage":"pt-PT","potentialAction":[{"@type":"ReadAction","target":["https:\/\/governacaointernet.pt\/avisos-legais\/"]}]},{"@type":"BreadcrumbList","@id":"https:\/\/governacaointernet.pt\/avisos-legais\/#breadcrumb","itemListElement":[{"@type":"ListItem","position":1,"name":"Home","item":"https:\/\/governacaointernet.pt\/"},{"@type":"ListItem","position":2,"name":"avisos-legais"}]},{"@type":"WebSite","@id":"https:\/\/governacaointernet.pt\/#website","url":"https:\/\/governacaointernet.pt\/","name":"Iniciativa Portuguesa do F\u00f3rum da Governa\u00e7\u00e3o da Internet","description":"Informar, refletir e debater de forma aberta e interativa, como deve ser governada a Internet, tema, cada vez mais relevante nos panoramas nacional e internacional.","publisher":{"@id":"https:\/\/governacaointernet.pt\/#organization"},"potentialAction":[{"@type":"SearchAction","target":{"@type":"EntryPoint","urlTemplate":"https:\/\/governacaointernet.pt\/?s={search_term_string}"},"query-input":{"@type":"PropertyValueSpecification","valueRequired":true,"valueName":"search_term_string"}}],"inLanguage":"pt-PT"},{"@type":"Organization","@id":"https:\/\/governacaointernet.pt\/#organization","name":"Iniciativa Portuguesa do F\u00f3rum da Governa\u00e7\u00e3o da Internet","url":"https:\/\/governacaointernet.pt\/","logo":{"@type":"ImageObject","inLanguage":"pt-PT","@id":"https:\/\/governacaointernet.pt\/#\/schema\/logo\/image\/","url":"https:\/\/governacaointernet.pt\/wp-content\/uploads\/2022\/10\/icon_webgov.svg","contentUrl":"https:\/\/governacaointernet.pt\/wp-content\/uploads\/2022\/10\/icon_webgov.svg","width":1600,"height":760,"caption":"Iniciativa Portuguesa do F\u00f3rum da Governa\u00e7\u00e3o da Internet"},"image":{"@id":"https:\/\/governacaointernet.pt\/#\/schema\/logo\/image\/"}}]}},"_links":{"self":[{"href":"https:\/\/governacaointernet.pt\/pt\/wp-json\/wp\/v2\/pages\/2362","targetHints":{"allow":["GET"]}}],"collection":[{"href":"https:\/\/governacaointernet.pt\/pt\/wp-json\/wp\/v2\/pages"}],"about":[{"href":"https:\/\/governacaointernet.pt\/pt\/wp-json\/wp\/v2\/types\/page"}],"author":[{"embeddable":true,"href":"https:\/\/governacaointernet.pt\/pt\/wp-json\/wp\/v2\/users\/1"}],"replies":[{"embeddable":true,"href":"https:\/\/governacaointernet.pt\/pt\/wp-json\/wp\/v2\/comments?post=2362"}],"version-history":[{"count":13,"href":"https:\/\/governacaointernet.pt\/pt\/wp-json\/wp\/v2\/pages\/2362\/revisions"}],"predecessor-version":[{"id":3267,"href":"https:\/\/governacaointernet.pt\/pt\/wp-json\/wp\/v2\/pages\/2362\/revisions\/3267"}],"wp:attachment":[{"href":"https:\/\/governacaointernet.pt\/pt\/wp-json\/wp\/v2\/media?parent=2362"}],"curies":[{"name":"wp","href":"https:\/\/api.w.org\/{rel}","templated":true}]}}